{"id":594,"date":"2008-03-23T06:10:55","date_gmt":"2008-03-23T11:10:55","guid":{"rendered":"http:\/\/www.joewhite.com\/austrian-empire-of-1856\/"},"modified":"2011-04-28T12:07:39","modified_gmt":"2011-04-28T17:07:39","slug":"austrian-empire-of-1856","status":"publish","type":"page","link":"https:\/\/www.joewhite.com\/ramble\/cool-stuff\/austrian-empire-of-1856\/","title":{"rendered":"Austrian Empire of 1856"},"content":{"rendered":"<p>\t\t\t\t\t\t\t\t<center><\/p>\n<h2>\nGENERAL-KARTE DES OESTERREICHISCHEN KAISERSTAATES<\/h2>\n<h3>MIT EINEN GROSSEN THEILE DER ANGRENZENDEN L\u00c4NDER<\/h3>\n<h4>SEINER KAISERL. K\u00d6NIGL. APOSTOLISCHEN MAJEST\u00c4T<\/h4>\n<h2>FRANZ JOSEF DEM ERSTEN<\/h2>\n<h3>KAISER VON OESTERREICH, &#038;. &#038;. &#038;.<\/h3>\n<h4>IN ALLERTIEFSTER EHRFURCHT GEWIDMET.<\/p>\n<p>IM K. K. MILIT\u00c4RISCH_GEOGRAFISCHEN INSTITUTE<\/h4>\n<p>durch Hauptmann Josef Scheda des k. k. Ingenieur-Geografen-Corps. Abtheilungs_Chef im obigen Institute. Ritter mehrerer hohen. Orden, Besitzer der grossen goldenen Medaille<\/p>\n<p>f\u00fcr Kunst und Wissenschaft von Oesterreich, Preussen, Hannover und Sachsen. Mitglied des geografischen Vereins zu Berlin und Darmstadt, bearbeitet und herausgegeben.<\/p>\n<h4>1856<\/h4>\n<p>\t\t\t\t\t\t\t\t<\/center><\/p>\n<hr \/>\n<p>Roughly translated:<\/p>\n<p>\n\t\t\t\t\t\t\t\t<center><\/p>\n<p>GENERAL MAP<\/p>\n<p>\nOF THE<\/p>\n<p>\nAUSTRIAN IMPERIAL STATE<\/p>\n<p>\nWITH LARGE PORTIONS OF THE ADJACENT COUNTRIES<\/p>\n<p>\nITS IMPERIAL ROYAL APOSTOLIC MAJESTY<\/p>\n<p>\nFRANZ JOSEF THE FIRST<\/p>\n<p>\nEMPEROR OF AUSTRIA, &#038;. &#038;. &#038;.<\/p>\n<p>\nIN ALL-DEEPEST REVERENCE DEDICATED.<\/p>\n<p>\nIN THE <a HREF=\"http:\/\/www.aeiou.at\/aeiou.encyclop.m\/m636942en.htm\">IMPERIAL ROYAL MILITARY GEOGRAPHICAL INSTITUTE<\/a>\n\t\t\t\t\t\t\t\t\t<\/p>\n<p>\nby captain <a HREF=\"http:\/\/www.aeiou.at\/aeiou.encyclop.s\/s180209en.htm\">Josef Scheda<\/a> of the Imperial Royal Engineer Geography Corps. Division Chief in the above institute, Knight of several high orders, Holder of the Gold Medal<\/p>\n<p>\nfor art and science of Austria, Prussia, Hanover and Saxony, Member of the geographical associations of Berlin and Darmstadt, rendered and published.<\/p>\n<p>1856\n\t\t\t\t\t\t\t\t\t<\/p>\n<\/p>\n<p><\/center><\/p>\n<hr \/>\n<p>This map (1:576,000) spans approximately from  5 degrees to 23 degrees 30 minutes east longitute and 51 degrees 30 minutes to 42 degrees north latitude.  It is in 20 sections, of about 22 inches wide by 19 inches tall, each section being divided into sis subsections.  Each section has a one inch border.<\/p>\n<hr \/>\n<p>\t\t\t\t\t\t\t\t<img SRC=\"..\/..\/images\/whole.jpg\"\/> The whole map (notice wall outlet at botton for size comparison<br \/>\n\t\t\t\t\t\t\t\t<img SRC=\"..\/..\/images\/title.jpg\"\/> Title page<br \/>\n\t\t\t\t\t\t\t\t<img SRC=\"..\/..\/images\/titleclose.jpg\"\/> Close-up of title page<br \/>\n\t\t\t\t\t\t\t\t<img SRC=\"..\/..\/images\/titleclose2.jpg\"\/> Close-up of Geography gazing on bust of Franz Josef<br \/>\n\t\t\t\t\t\t\t\t<img SRC=\"..\/..\/images\/titleclose3.jpg\"\/> Close-up of map held by Geography<br \/>\n\t\t\t\t\t\t\t\t<img SRC=\"..\/..\/images\/scheda.jpg\"\/> Captain (later General) Scheda was the cartographer<br \/>\n\t\t\t\t\t\t\t\t<img SRC=\"..\/..\/images\/flaechen.jpg\"\/> Statistics for the various lands.<br \/>\n\t\t\t\t\t\t\t\t<img SRC=\"..\/..\/images\/laende.jpg\"\/> List of the lands.<br \/>\n\t\t\t\t\t\t\t\t<img SRC=\"..\/..\/images\/wien.jpg\"\/> Wien &#8211; Vienna<br \/>\n\t\t\t\t\t\t\t\t<img SRC=\"..\/..\/images\/ofen.jpg\"\/> Ofen &#8211; Buda (separate from Pest until 1873), Hungary<br \/>\n\t\t\t\t\t\t\t\t<img SRC=\"..\/..\/images\/stuttgart.jpg\"\/> Stuttgart (never in Austria)<br \/>\n\t\t\t\t\t\t\t\t<img SRC=\"..\/..\/images\/venedig.jpg\"\/> Venedg- Venice, now part of Italy<br \/>\n\t\t\t\t\t\t\t\t<img SRC=\"..\/..\/images\/salzburg.jpg\"\/> Salzburg<br \/>\n\t\t\t\t\t\t\t\t<img SRC=\"..\/..\/images\/czernowitz.jpg\"\/> Czernowitz &#8211; Chernivtsi, now in Ukraine<br \/>\n\t\t\t\t\t\t\t\t<img SRC=\"..\/..\/images\/hermannstadt.jpg\"\/> Hermannstadt &#8211; Sibiu &#8211; Nagyszeben, now in Romania<br \/>\n\t\t\t\t\t\t\t\t<img SRC=\"..\/..\/images\/klausenberg.jpg\"\/> Klausenberg &#8211; Cluj &#8211; Kolozsv\u00e1ri, now in Romania<br \/>\n\t\t\t\t\t\t\t\t<img SRC=\"..\/..\/images\/kronstadt.jpg\"\/> Kronstadt &#8211; Brasov, now in Romania<br \/>\n\t\t\t\t\t\t\t\t<img SRC=\"..\/..\/images\/lemberg.jpg\"\/> Lemberg &#8211; Lwow &#8211; Lvov, now in Ukraine<br \/>\n\t\t\t\t\t\t\t\t<img SRC=\"..\/..\/images\/mailand.jpg\"\/> Mailand &#8211; Milan, now in Italy<br \/>\n\t\t\t\t\t\t\t\t<img SRC=\"..\/..\/images\/mtheresiopel.jpg\"\/>Mariatheresiopel &#8211; Subotica, now in Romania<br \/>\n\t\t\t\t\t\t\t\t<img SRC=\"..\/..\/images\/muenchen.jpg\"\/> M\u00fcnchen &#8211; Munich (never in Austria)<br \/>\n\t\t\t\t\t\t\t\t<img SRC=\"..\/..\/images\/triest.jpg\"\/> Triest &#8211; Trieste, now in Italy<\/p>\n<hr \/>\n<p>Last modified Wednesday, 20-Nov-2002 11:21:10 CST.<\/p>\n<p>\t\t\t\t\t\t\t\t<center><\/p>\n<h2>\nGENERAL-KARTE DES OESTERREICHISCHEN KAISERSTAATES<\/h2>\n<h3>MIT EINEN GROSSEN THEILE DER ANGRENZENDEN L\u00c4NDER<\/h3>\n<h4>SEINER KAISERL. K\u00d6NIGL. APOSTOLISCHEN MAJEST\u00c4T<\/h4>\n<h2>FRANZ JOSEF DEM ERSTEN<\/h2>\n<h3>KAISER VON OESTERREICH, &#038;. &#038;. &#038;.<\/h3>\n<h4>IN ALLERTIEFSTER EHRFURCHT GEWIDMET.<\/p>\n<p>IM K. K. MILIT\u00c4RISCH_GEOGRAFISCHEN INSTITUTE<\/h4>\n<p>durch Hauptmann Josef Scheda des k. k. Ingenieur-Geografen-Corps. Abtheilungs_Chef im obigen Institute. Ritter mehrerer hohen. Orden, Besitzer der grossen goldenen Medaille<\/p>\n<p>f\u00fcr Kunst und Wissenschaft von Oesterreich, Preussen, Hannover und Sachsen. Mitglied des geografischen Vereins zu Berlin und Darmstadt, bearbeitet und herausgegeben.<\/p>\n<h4>1856<\/h4>\n<p>\t\t\t\t\t\t\t\t<\/center><\/p>\n<hr \/>\n<p>Roughly translated:<\/p>\n<p>\n\t\t\t\t\t\t\t\t<center><\/p>\n<p>GENERAL MAP<\/p>\n<p>\nOF THE<\/p>\n<p>\nAUSTRIAN IMPERIAL STATE<\/p>\n<p>\nWITH LARGE PORTIONS OF THE ADJACENT COUNTRIES<\/p>\n<p>\nITS IMPERIAL ROYAL APOSTOLIC MAJESTY<\/p>\n<p>\nFRANZ JOSEF THE FIRST<\/p>\n<p>\nEMPEROR OF AUSTRIA, &#038;. &#038;. &#038;.<\/p>\n<p>\nIN ALL-DEEPEST REVERENCE DEDICATED.<\/p>\n<p>\nIN THE <a HREF=\"http:\/\/www.aeiou.at\/aeiou.encyclop.m\/m636942en.htm\">IMPERIAL ROYAL MILITARY GEOGRAPHICAL INSTITUTE<\/a>\n\t\t\t\t\t\t\t\t\t<\/p>\n<p>\nby captain <a HREF=\"http:\/\/www.aeiou.at\/aeiou.encyclop.s\/s180209en.htm\">Josef Scheda<\/a> of the Imperial Royal Engineer Geography Corps. Division Chief in the above institute, Knight of several high orders, Holder of the Gold Medal<\/p>\n<p>\nfor art and science of Austria, Prussia, Hanover and Saxony, Member of the geographical associations of Berlin and Darmstadt, rendered and published.<\/p>\n<p>1856\n\t\t\t\t\t\t\t\t\t<\/p>\n<\/p>\n<p><\/center><\/p>\n<hr \/>\n<p>This map (1:576,000) spans approximately from  5 degrees to 23 degrees 30 minutes east longitute and 51 degrees 30 minutes to 42 degrees north latitude.  It is in 20 sections, of about 22 inches wide by 19 inches tall, each section being divided into sis subsections.  Each section has a one inch border.<\/p>\n<hr \/>\n<p>\t\t\t\t\t\t\t\t<img SRC=\"..\/..\/images\/whole.jpg\"\/> The whole map (notice wall outlet at botton for size comparison<br \/>\n\t\t\t\t\t\t\t\t<img SRC=\"..\/..\/images\/title.jpg\"\/> Title page<br \/>\n\t\t\t\t\t\t\t\t<img SRC=\"..\/..\/images\/titleclose.jpg\"\/> Close-up of title page<br \/>\n\t\t\t\t\t\t\t\t<img SRC=\"..\/..\/images\/titleclose2.jpg\"\/> Close-up of Geography gazing on bust of Franz Josef<br \/>\n\t\t\t\t\t\t\t\t<img SRC=\"..\/..\/images\/titleclose3.jpg\"\/> Close-up of map held by Geography<br \/>\n\t\t\t\t\t\t\t\t<img SRC=\"..\/..\/images\/scheda.jpg\"\/> Captain (later General) Scheda was the cartographer<br \/>\n\t\t\t\t\t\t\t\t<img SRC=\"..\/..\/images\/flaechen.jpg\"\/> Statistics for the various lands.<br \/>\n\t\t\t\t\t\t\t\t<img SRC=\"..\/..\/images\/laende.jpg\"\/> List of the lands.<br \/>\n\t\t\t\t\t\t\t\t<img SRC=\"..\/..\/images\/wien.jpg\"\/> Wien &#8211; Vienna<br \/>\n\t\t\t\t\t\t\t\t<img SRC=\"..\/..\/images\/ofen.jpg\"\/> Ofen &#8211; Buda (separate from Pest until 1873), Hungary<br \/>\n\t\t\t\t\t\t\t\t<img SRC=\"..\/..\/images\/stuttgart.jpg\"\/> Stuttgart (never in Austria)<br \/>\n\t\t\t\t\t\t\t\t<img SRC=\"..\/..\/images\/venedig.jpg\"\/> Venedg- Venice, now part of Italy<br \/>\n\t\t\t\t\t\t\t\t<img SRC=\"..\/..\/images\/salzburg.jpg\"\/> Salzburg<br \/>\n\t\t\t\t\t\t\t\t<img SRC=\"..\/..\/images\/czernowitz.jpg\"\/> Czernowitz &#8211; Chernivtsi, now in Ukraine<br \/>\n\t\t\t\t\t\t\t\t<img SRC=\"..\/..\/images\/hermannstadt.jpg\"\/> Hermannstadt &#8211; Sibiu &#8211; Nagyszeben, now in Romania<br \/>\n\t\t\t\t\t\t\t\t<img SRC=\"..\/..\/images\/klausenberg.jpg\"\/> Klausenberg &#8211; Cluj &#8211; Kolozsv\u00e1ri, now in Romania<br \/>\n\t\t\t\t\t\t\t\t<img SRC=\"..\/..\/images\/kronstadt.jpg\"\/> Kronstadt &#8211; Brasov, now in Romania<br \/>\n\t\t\t\t\t\t\t\t<img SRC=\"..\/..\/images\/lemberg.jpg\"\/> Lemberg &#8211; Lwow &#8211; Lvov, now in Ukraine<br \/>\n\t\t\t\t\t\t\t\t<img SRC=\"..\/..\/images\/mailand.jpg\"\/> Mailand &#8211; Milan, now in Italy<br \/>\n\t\t\t\t\t\t\t\t<img SRC=\"..\/..\/images\/mtheresiopel.jpg\"\/>Mariatheresiopel &#8211; Subotica, now in Romania<br \/>\n\t\t\t\t\t\t\t\t<img SRC=\"..\/..\/images\/muenchen.jpg\"\/> M\u00fcnchen &#8211; Munich (never in Austria)<br \/>\n\t\t\t\t\t\t\t\t<img SRC=\"..\/..\/images\/triest.jpg\"\/> Triest &#8211; Trieste, now in Italy<\/p>\n<hr \/>\n<p>Last modified Wednesday, 20-Nov-2002 11:21:10 CST.<\/p>\n","protected":false},"excerpt":{"rendered":"<p>GENERAL-KARTE DES OESTERREICHISCHEN KAISERSTAATES MIT EINEN GROSSEN THEILE DER ANGRENZENDEN L\u00c4NDER SEINER KAISERL. K\u00d6NIGL. APOSTOLISCHEN MAJEST\u00c4T FRANZ JOSEF DEM ERSTEN KAISER VON OESTERREICH, &#038;. &#038;.<\/p>\n","protected":false},"author":647,"featured_media":0,"parent":861,"menu_order":0,"comment_status":"open","ping_status":"closed","template":"","meta":{"footnotes":""},"class_list":["post-594","page","type-page","status-publish","hentry"],"jetpack_sharing_enabled":true,"jetpack_shortlink":"https:\/\/wp.me\/PekNN-9A","_links":{"self":[{"href":"https:\/\/www.joewhite.com\/ramble\/wp-json\/wp\/v2\/pages\/594","targetHints":{"allow":["GET"]}}],"collection":[{"href":"https:\/\/www.joewhite.com\/ramble\/wp-json\/wp\/v2\/pages"}],"about":[{"href":"https:\/\/www.joewhite.com\/ramble\/wp-json\/wp\/v2\/types\/page"}],"author":[{"embeddable":true,"href":"https:\/\/www.joewhite.com\/ramble\/wp-json\/wp\/v2\/users\/647"}],"replies":[{"embeddable":true,"href":"https:\/\/www.joewhite.com\/ramble\/wp-json\/wp\/v2\/comments?post=594"}],"version-history":[{"count":2,"href":"https:\/\/www.joewhite.com\/ramble\/wp-json\/wp\/v2\/pages\/594\/revisions"}],"predecessor-version":[{"id":920,"href":"https:\/\/www.joewhite.com\/ramble\/wp-json\/wp\/v2\/pages\/594\/revisions\/920"}],"up":[{"embeddable":true,"href":"https:\/\/www.joewhite.com\/ramble\/wp-json\/wp\/v2\/pages\/861"}],"wp:attachment":[{"href":"https:\/\/www.joewhite.com\/ramble\/wp-json\/wp\/v2\/media?parent=594"}],"curies":[{"name":"wp","href":"https:\/\/api.w.org\/{rel}","templated":true}]}}